{"id":43,"date":"2026-03-02T11:17:34","date_gmt":"2026-03-02T11:17:34","guid":{"rendered":"https:\/\/awdauto.ee\/%d1%86%d0%b5%d0%bd%d1%8b\/"},"modified":"2026-04-05T16:46:47","modified_gmt":"2026-04-05T13:46:47","slug":"hinnad","status":"publish","type":"page","link":"https:\/\/awdauto.ee\/et\/hinnad\/","title":{"rendered":"Hinnad"},"content":{"rendered":"\n<div class=\"wp-block-group alignfull is-style-ext-preset--group--natural-1--section has-tertiary-background-color has-background has-global-padding is-layout-constrained wp-container-core-group-is-layout-e955bbaf wp-block-group-is-layout-constrained is-style-ext-preset--group--natural-1--section--1\" id=\"hinddiagnostika\" style=\"margin-top:0;margin-bottom:0;padding-top:var(--wp--preset--spacing--70);padding-bottom:var(--wp--preset--spacing--70)\">\n<div class=\"wp-block-columns alignwide are-vertically-aligned-center is-layout-flex wp-container-core-columns-is-layout-1b67b5c2 wp-block-columns-is-layout-flex\" style=\"margin-top:var(--wp--preset--spacing--50)\">\n<div class=\"wp-block-column is-vertically-aligned-center is-layout-flow wp-block-column-is-layout-flow\">\n<div id=\"cenadiagnostika\" class=\"wp-block-group ext-animate--on is-nowrap is-layout-flex wp-container-core-group-is-layout-501511a6 wp-block-group-is-layout-flex\">\n<figure class=\"wp-block-image size-large ext-aspect-landscape wp-duotone-primary-foreground\"><img decoding=\"async\" src=\"data:image\/svg+xml;base64,PHN2ZyB4bWxucz0iaHR0cDovL3d3dy53My5vcmcvMjAwMC9zdmciIHdpZHRoPSI0OCIgaGVpZ2h0PSI0OCIgZmlsbD0ibm9uZSIgdmlld0JveD0iMCAwIDQ4IDQ4Ij48bWFzayBpZD0iYSIgd2lkdGg9IjQ4IiBoZWlnaHQ9IjQ4IiB4PSIwIiB5PSIwIiBtYXNrVW5pdHM9InVzZXJTcGFjZU9uVXNlIiBzdHlsZT0ibWFzay10eXBlOmFscGhhIj48cGF0aCBmaWxsPSIjRDlEOUQ5IiBkPSJNMCAwaDQ4djQ4SDB6Ii8+PC9tYXNrPjxnIG1hc2s9InVybCgjYSkiPjxwYXRoIGZpbGw9IiMxQzFCMUYiIGQ9Ik0yNCA0NGMtMi44MzMgMC01LjQ2Ny0uNTA4LTcuOS0xLjUyNS0yLjQzMy0xLjAxNy00LjU1LTIuNDI1LTYuMzUtNC4yMjUtMS44LTEuOC0zLjIwOC0zLjkxNy00LjIyNS02LjM1QzQuNTA4IDI5LjQ2NyA0IDI2LjgzMyA0IDI0YzAtMi44LjUwOC01LjQxNyAxLjUyNS03Ljg1UzcuOTUgMTEuNiA5Ljc1IDkuOGMxLjgtMS44IDMuOTE3LTMuMjE3IDYuMzUtNC4yNVMyMS4xNjcgNCAyNCA0YzIuNSAwIDQuODMzLjQgNyAxLjIgMi4xNjcuOCA0LjExNyAxLjkgNS44NSAzLjNsLTIuMTUgMi4xNWExNi43MzIgMTYuNzMyIDAgMCAwLTQuOS0yLjdDMjggNy4zMTcgMjYuMDY3IDcgMjQgN2MtNC44MzMgMC04Ljg3NSAxLjYyNS0xMi4xMjUgNC44NzVTNyAxOS4xNjcgNyAyNHMxLjYyNSA4Ljg3NSA0Ljg3NSAxMi4xMjVTMTkuMTY3IDQxIDI0IDQxczguODc1LTEuNjI1IDEyLjEyNS00Ljg3NVM0MSAyOC44MzMgNDEgMjRjMC0xLS4wNzUtMS45NzUtLjIyNS0yLjkyNS0uMTUtLjk1LS4zNzUtMS44NzUtLjY3NS0yLjc3NWwyLjMtMi4zYTE5LjEyMiAxOS4xMjIgMCAwIDEgMS4yIDMuODVjLjI2NyAxLjMzMy40IDIuNzE3LjQgNC4xNSAwIDIuODMzLS41MTcgNS40NjctMS41NSA3LjktMS4wMzMgMi40MzMtMi40NSA0LjU1LTQuMjUgNi4zNS0xLjggMS44LTMuOTE3IDMuMjA4LTYuMzUgNC4yMjVDMjkuNDE3IDQzLjQ5MiAyNi44IDQ0IDI0IDQ0Wm0tMi45NS0xMC45LTguMjUtOC4zIDIuMjUtMi4yNSA2IDYgMjAuNy0yMC43IDIuMyAyLjI1LTIzIDIzWiIvPjwvZz48L3N2Zz4=\" alt=\"\" style=\"object-fit:contain\"\/><\/figure>\n\n\n\n<div class=\"wp-block-group wp-container-content-958eb9dc has-global-padding is-layout-constrained wp-block-group-is-layout-constrained\">\n<h3 class=\"wp-block-heading\" style=\"font-size:clamp(14px, 0.875rem + ((1vw - 3.2px) * 0.625), 20px);line-height:1.5\">Diagnostika \u2013 vigade lugemine ja kustutamine 30\u20ac<\/h3>\n<\/div>\n<\/div>\n\n\n\n<p class=\"has-small-font-size\" id=\"hindled\" style=\"margin-top:4px\">Teostame auto arvutidiagnostikat professionaalse varustusega<\/p>\n\n\n\n<div class=\"wp-block-group ext-animate--on is-nowrap is-layout-flex wp-container-core-group-is-layout-6c531013 wp-block-group-is-layout-flex\">\n<figure class=\"wp-block-image size-large ext-aspect-landscape ext-animate--on wp-duotone-primary-foreground\"><img decoding=\"async\" src=\"data:image\/svg+xml;base64,PHN2ZyB4bWxucz0iaHR0cDovL3d3dy53My5vcmcvMjAwMC9zdmciIHdpZHRoPSI0OCIgaGVpZ2h0PSI0OCIgZmlsbD0ibm9uZSIgdmlld0JveD0iMCAwIDQ4IDQ4Ij48bWFzayBpZD0iYSIgd2lkdGg9IjQ4IiBoZWlnaHQ9IjQ4IiB4PSIwIiB5PSIwIiBtYXNrVW5pdHM9InVzZXJTcGFjZU9uVXNlIiBzdHlsZT0ibWFzay10eXBlOmFscGhhIj48cGF0aCBmaWxsPSIjRDlEOUQ5IiBkPSJNMCAwaDQ4djQ4SDB6Ii8+PC9tYXNrPjxnIG1hc2s9InVybCgjYSkiPjxwYXRoIGZpbGw9IiMxQzFCMUYiIGQ9Ik0yNCA0NGMtMi44MzMgMC01LjQ2Ny0uNTA4LTcuOS0xLjUyNS0yLjQzMy0xLjAxNy00LjU1LTIuNDI1LTYuMzUtNC4yMjUtMS44LTEuOC0zLjIwOC0zLjkxNy00LjIyNS02LjM1QzQuNTA4IDI5LjQ2NyA0IDI2LjgzMyA0IDI0YzAtMi44LjUwOC01LjQxNyAxLjUyNS03Ljg1UzcuOTUgMTEuNiA5Ljc1IDkuOGMxLjgtMS44IDMuOTE3LTMuMjE3IDYuMzUtNC4yNVMyMS4xNjcgNCAyNCA0YzIuNSAwIDQuODMzLjQgNyAxLjIgMi4xNjcuOCA0LjExNyAxLjkgNS44NSAzLjNsLTIuMTUgMi4xNWExNi43MzIgMTYuNzMyIDAgMCAwLTQuOS0yLjdDMjggNy4zMTcgMjYuMDY3IDcgMjQgN2MtNC44MzMgMC04Ljg3NSAxLjYyNS0xMi4xMjUgNC44NzVTNyAxOS4xNjcgNyAyNHMxLjYyNSA4Ljg3NSA0Ljg3NSAxMi4xMjVTMTkuMTY3IDQxIDI0IDQxczguODc1LTEuNjI1IDEyLjEyNS00Ljg3NVM0MSAyOC44MzMgNDEgMjRjMC0xLS4wNzUtMS45NzUtLjIyNS0yLjkyNS0uMTUtLjk1LS4zNzUtMS44NzUtLjY3NS0yLjc3NWwyLjMtMi4zYTE5LjEyMiAxOS4xMjIgMCAwIDEgMS4yIDMuODVjLjI2NyAxLjMzMy40IDIuNzE3LjQgNC4xNSAwIDIuODMzLS41MTcgNS40NjctMS41NSA3LjktMS4wMzMgMi40MzMtMi40NSA0LjU1LTQuMjUgNi4zNS0xLjggMS44LTMuOTE3IDMuMjA4LTYuMzUgNC4yMjVDMjkuNDE3IDQzLjQ5MiAyNi44IDQ0IDI0IDQ0Wm0tMi45NS0xMC45LTguMjUtOC4zIDIuMjUtMi4yNSA2IDYgMjAuNy0yMC43IDIuMyAyLjI1LTIzIDIzWiIvPjwvZz48L3N2Zz4=\" alt=\"\" style=\"object-fit:cover\"\/><\/figure>\n\n\n\n<h3 class=\"wp-block-heading ext-animate--on\" style=\"font-size:clamp(14px, 0.875rem + ((1vw - 3.2px) * 0.625), 20px);line-height:1.5\">LED Tulede remont<\/h3>\n<\/div>\n\n\n\n<p class=\"ext-animate--on has-small-font-size\" style=\"margin-top:4px\">Teostame kaasaegsete LED-esitulede diagnostikat ja remonti. Lahendame valgustuse, juhtplokkide ja teiste s\u00fcsteemi komponentide probleemid. H\u00f5lmab esitulede demonteerimist, LED-ide vahetust, klaaside vahetust jms.<\/p>\n\n\n\n<div id=\"cenatpms\" class=\"wp-block-group ext-animate--on is-nowrap is-layout-flex wp-container-core-group-is-layout-6c531013 wp-block-group-is-layout-flex\">\n<figure class=\"wp-block-image size-large ext-aspect-landscape ext-animate--on wp-duotone-primary-foreground\"><img decoding=\"async\" src=\"data:image\/svg+xml;base64,PHN2ZyB4bWxucz0iaHR0cDovL3d3dy53My5vcmcvMjAwMC9zdmciIHdpZHRoPSI0OCIgaGVpZ2h0PSI0OCIgZmlsbD0ibm9uZSIgdmlld0JveD0iMCAwIDQ4IDQ4Ij48bWFzayBpZD0iYSIgd2lkdGg9IjQ4IiBoZWlnaHQ9IjQ4IiB4PSIwIiB5PSIwIiBtYXNrVW5pdHM9InVzZXJTcGFjZU9uVXNlIiBzdHlsZT0ibWFzay10eXBlOmFscGhhIj48cGF0aCBmaWxsPSIjRDlEOUQ5IiBkPSJNMCAwaDQ4djQ4SDB6Ii8+PC9tYXNrPjxnIG1hc2s9InVybCgjYSkiPjxwYXRoIGZpbGw9IiMxQzFCMUYiIGQ9Ik0yNCA0NGMtMi44MzMgMC01LjQ2Ny0uNTA4LTcuOS0xLjUyNS0yLjQzMy0xLjAxNy00LjU1LTIuNDI1LTYuMzUtNC4yMjUtMS44LTEuOC0zLjIwOC0zLjkxNy00LjIyNS02LjM1QzQuNTA4IDI5LjQ2NyA0IDI2LjgzMyA0IDI0YzAtMi44LjUwOC01LjQxNyAxLjUyNS03Ljg1UzcuOTUgMTEuNiA5Ljc1IDkuOGMxLjgtMS44IDMuOTE3LTMuMjE3IDYuMzUtNC4yNVMyMS4xNjcgNCAyNCA0YzIuNSAwIDQuODMzLjQgNyAxLjIgMi4xNjcuOCA0LjExNyAxLjkgNS44NSAzLjNsLTIuMTUgMi4xNWExNi43MzIgMTYuNzMyIDAgMCAwLTQuOS0yLjdDMjggNy4zMTcgMjYuMDY3IDcgMjQgN2MtNC44MzMgMC04Ljg3NSAxLjYyNS0xMi4xMjUgNC44NzVTNyAxOS4xNjcgNyAyNHMxLjYyNSA4Ljg3NSA0Ljg3NSAxMi4xMjVTMTkuMTY3IDQxIDI0IDQxczguODc1LTEuNjI1IDEyLjEyNS00Ljg3NVM0MSAyOC44MzMgNDEgMjRjMC0xLS4wNzUtMS45NzUtLjIyNS0yLjkyNS0uMTUtLjk1LS4zNzUtMS44NzUtLjY3NS0yLjc3NWwyLjMtMi4zYTE5LjEyMiAxOS4xMjIgMCAwIDEgMS4yIDMuODVjLjI2NyAxLjMzMy40IDIuNzE3LjQgNC4xNSAwIDIuODMzLS41MTcgNS40NjctMS41NSA3LjktMS4wMzMgMi40MzMtMi40NSA0LjU1LTQuMjUgNi4zNS0xLjggMS44LTMuOTE3IDMuMjA4LTYuMzUgNC4yMjVDMjkuNDE3IDQzLjQ5MiAyNi44IDQ0IDI0IDQ0Wm0tMi45NS0xMC45LTguMjUtOC4zIDIuMjUtMi4yNSA2IDYgMjAuNy0yMC43IDIuMyAyLjI1LTIzIDIzWiIvPjwvZz48L3N2Zz4=\" alt=\"\" style=\"object-fit:cover\"\/><\/figure>\n\n\n\n<h3 class=\"wp-block-heading ext-animate--on\" style=\"font-size:clamp(14px, 0.875rem + ((1vw - 3.2px) * 0.625), 20px);line-height:1.5\">Lisavarustuse paigaldus<\/h3>\n<\/div>\n\n\n\n<p class=\"ext-animate--on has-small-font-size\" id=\"hindtpms\" style=\"margin-top:4px\">Teostame t\u00e4iendava auto-varustuse professionaalset paigaldust ja seadistust, et tagada mugavus ja turvalisus s\u00f5idul.<\/p>\n\n\n\n<div class=\"wp-block-group ext-animate--on is-nowrap is-layout-flex wp-container-core-group-is-layout-6c531013 wp-block-group-is-layout-flex\">\n<figure class=\"wp-block-image size-large ext-aspect-landscape ext-animate--on wp-duotone-primary-foreground\"><img decoding=\"async\" src=\"data:image\/svg+xml;base64,PHN2ZyB4bWxucz0iaHR0cDovL3d3dy53My5vcmcvMjAwMC9zdmciIHdpZHRoPSI0OCIgaGVpZ2h0PSI0OCIgZmlsbD0ibm9uZSIgdmlld0JveD0iMCAwIDQ4IDQ4Ij48bWFzayBpZD0iYSIgd2lkdGg9IjQ4IiBoZWlnaHQ9IjQ4IiB4PSIwIiB5PSIwIiBtYXNrVW5pdHM9InVzZXJTcGFjZU9uVXNlIiBzdHlsZT0ibWFzay10eXBlOmFscGhhIj48cGF0aCBmaWxsPSIjRDlEOUQ5IiBkPSJNMCAwaDQ4djQ4SDB6Ii8+PC9tYXNrPjxnIG1hc2s9InVybCgjYSkiPjxwYXRoIGZpbGw9IiMxQzFCMUYiIGQ9Ik0yNCA0NGMtMi44MzMgMC01LjQ2Ny0uNTA4LTcuOS0xLjUyNS0yLjQzMy0xLjAxNy00LjU1LTIuNDI1LTYuMzUtNC4yMjUtMS44LTEuOC0zLjIwOC0zLjkxNy00LjIyNS02LjM1QzQuNTA4IDI5LjQ2NyA0IDI2LjgzMyA0IDI0YzAtMi44LjUwOC01LjQxNyAxLjUyNS03Ljg1UzcuOTUgMTEuNiA5Ljc1IDkuOGMxLjgtMS44IDMuOTE3LTMuMjE3IDYuMzUtNC4yNVMyMS4xNjcgNCAyNCA0YzIuNSAwIDQuODMzLjQgNyAxLjIgMi4xNjcuOCA0LjExNyAxLjkgNS44NSAzLjNsLTIuMTUgMi4xNWExNi43MzIgMTYuNzMyIDAgMCAwLTQuOS0yLjdDMjggNy4zMTcgMjYuMDY3IDcgMjQgN2MtNC44MzMgMC04Ljg3NSAxLjYyNS0xMi4xMjUgNC44NzVTNyAxOS4xNjcgNyAyNHMxLjYyNSA4Ljg3NSA0Ljg3NSAxMi4xMjVTMTkuMTY3IDQxIDI0IDQxczguODc1LTEuNjI1IDEyLjEyNS00Ljg3NVM0MSAyOC44MzMgNDEgMjRjMC0xLS4wNzUtMS45NzUtLjIyNS0yLjkyNS0uMTUtLjk1LS4zNzUtMS44NzUtLjY3NS0yLjc3NWwyLjMtMi4zYTE5LjEyMiAxOS4xMjIgMCAwIDEgMS4yIDMuODVjLjI2NyAxLjMzMy40IDIuNzE3LjQgNC4xNSAwIDIuODMzLS41MTcgNS40NjctMS41NSA3LjktMS4wMzMgMi40MzMtMi40NSA0LjU1LTQuMjUgNi4zNS0xLjggMS44LTMuOTE3IDMuMjA4LTYuMzUgNC4yMjVDMjkuNDE3IDQzLjQ5MiAyNi44IDQ0IDI0IDQ0Wm0tMi45NS0xMC45LTguMjUtOC4zIDIuMjUtMi4yNSA2IDYgMjAuNy0yMC43IDIuMyAyLjI1LTIzIDIzWiIvPjwvZz48L3N2Zz4=\" alt=\"\" style=\"object-fit:contain\"\/><\/figure>\n\n\n\n<h3 class=\"wp-block-heading ext-animate--on\" style=\"font-size:clamp(14px, 0.875rem + ((1vw - 3.2px) * 0.625), 20px);line-height:1.5\">Rehvir\u00f5huandurite (TPMS) kodeerimine<\/h3>\n<\/div>\n\n\n\n<p class=\"has-small-font-size\" style=\"margin-top:4px\">Rehvir\u00f5hukontrolli s\u00fcsteem (TPMS) j\u00e4lgib iga ratta r\u00f5hku. Anduri vahetamisel on vajalik selle programmeerimine.\u00a0<\/p>\n\n\n\n<p class=\"ext-animate--on has-small-font-size\" style=\"margin-top:4px\"><strong>Vana andurite adapteerimine 30\u20ac,<\/strong> <strong>1 uus andur koos kodeerimisega 45\u20ac,<\/strong>\u00a0<strong>4 andurit kodeerimisega 120\u20ac<\/strong>\u00a0<strong>+ lisandub paigaldus rehvit\u00f6\u00f6kojas<\/strong>.<\/p>\n\n\n\n<div class=\"wp-block-group ext-animate--on is-nowrap is-layout-flex wp-container-core-group-is-layout-501511a6 wp-block-group-is-layout-flex\">\n<div class=\"wp-block-group ext-animate--on is-nowrap is-layout-flex wp-container-core-group-is-layout-501511a6 wp-block-group-is-layout-flex\">\n<div class=\"wp-block-group ext-animate--on wp-container-content-958eb9dc has-global-padding is-layout-constrained wp-block-group-is-layout-constrained\"><\/div>\n<\/div>\n\n\n\n<div class=\"wp-block-group wp-container-content-958eb9dc has-global-padding is-layout-constrained wp-block-group-is-layout-constrained\"><\/div>\n<\/div>\n<\/div>\n\n\n\n<div class=\"wp-block-column is-vertically-aligned-center is-layout-flow wp-block-column-is-layout-flow\">\n<div class=\"wp-block-group is-style-ext-preset--group--natural-1--item-card-1--align-start has-global-padding is-layout-constrained wp-container-core-group-is-layout-639b5052 wp-block-group-is-layout-constrained is-style-ext-preset--group--natural-1--item-card-1--align-start--2\" style=\"padding-top:0;padding-right:0;padding-bottom:0;padding-left:0\">\n<div class=\"wp-block-group ext-animate--on has-tertiary-background-color has-background has-global-padding is-layout-constrained wp-container-core-group-is-layout-a666d811 wp-block-group-is-layout-constrained\" style=\"padding-top:var(--wp--preset--spacing--40);padding-right:var(--wp--preset--spacing--40);padding-bottom:var(--wp--preset--spacing--40);padding-left:var(--wp--preset--spacing--40)\">\n<div class=\"wp-block-group is-content-justification-right is-nowrap is-layout-flex wp-container-core-group-is-layout-83c07f73 wp-block-group-is-layout-flex\" style=\"border-bottom-color:var(--wp--preset--color--foreground);border-bottom-width:1px;padding-top:0;padding-right:0;padding-bottom:var(--wp--preset--spacing--30);padding-left:0\">\n<div class=\"wp-block-group has-global-padding is-layout-constrained wp-container-core-group-is-layout-639b5052 wp-block-group-is-layout-constrained\" style=\"padding-top:0;padding-right:0;padding-bottom:0;padding-left:0\">\n<h3 class=\"wp-block-heading alignwide has-text-align-left\" style=\"margin-top:16px;font-size:clamp(1.119rem, 1.119rem + ((1vw - 0.2rem) * 1.052), 1.75rem);\">\u00dche t\u00f6\u00f6tunni hind keskmiselt 50\u20ac<\/h3>\n<\/div>\n<\/div>\n\n\n\n<p class=\"has-small-font-size\" style=\"margin-top:var(--wp--preset--spacing--30)\">T\u00f6\u00f6 mahu ja keerukuse p\u00f5hjal saame eelnevalt kokku leppida ligikaudse l\u00f5pphinna.<\/p>\n\n\n\n<div class=\"wp-block-buttons is-layout-flex wp-block-buttons-is-layout-flex\" style=\"margin-top:var(--wp--preset--spacing--40)\">\n<div class=\"wp-block-button has-custom-width wp-block-button__width-100 is-style-ext-preset--button--soft-1--button-1 is-style-ext-preset--button--soft-1--button-1--3\"><a class=\"wp-block-button__link wp-element-button\" href=\"https:\/\/awdauto.ee\/kontakt\/#forma\">Esita tellimus<\/a><\/div>\n<\/div>\n<\/div>\n<\/div>\n<\/div>\n<\/div>\n\n\n\n<div class=\"wp-block-group alignwide ext-is-logical-start has-global-padding is-content-justification-left is-layout-constrained wp-container-core-group-is-layout-6729bdbe wp-block-group-is-layout-constrained\">\n<h2 class=\"wp-block-heading alignwide ext-animate--on\" id=\"hind\">Siin on toodud meie p\u00f5hiteenused, kus keskendume kvaliteedile ja klientide t\u00e4ielikule rahulolule.<\/h2>\n<\/div>\n\n\n\n<div class=\"wp-block-columns alignwide is-layout-flex wp-container-core-columns-is-layout-08c01c1c wp-block-columns-is-layout-flex\">\n<div class=\"wp-block-column ext-animate--on is-layout-flow wp-block-column-is-layout-flow\">\n<div class=\"wp-block-group is-style-ext-preset--group--natural-1--item-card-1--align-start has-global-padding is-layout-constrained wp-block-group-is-layout-constrained is-style-ext-preset--group--natural-1--item-card-1--align-start--4\">\n<figure class=\"wp-block-image size-full is-resized\" id=\"hinddpf\"><img loading=\"lazy\" decoding=\"async\" width=\"350\" height=\"283\" src=\"https:\/\/awdauto.ee\/wp-content\/uploads\/2026\/03\/\u0411\u0435\u0437-\u043d\u0430\u0437\u0432\u0430\u043d\u0438\u044f-2.png\" alt=\"\" class=\"wp-image-188\" style=\"aspect-ratio:1.3333333333333333;object-fit:cover;width:395px;height:auto\" srcset=\"https:\/\/awdauto.ee\/wp-content\/uploads\/2026\/03\/\u0411\u0435\u0437-\u043d\u0430\u0437\u0432\u0430\u043d\u0438\u044f-2.png 350w, https:\/\/awdauto.ee\/wp-content\/uploads\/2026\/03\/\u0411\u0435\u0437-\u043d\u0430\u0437\u0432\u0430\u043d\u0438\u044f-2-300x243.png 300w, https:\/\/awdauto.ee\/wp-content\/uploads\/2026\/03\/\u0411\u0435\u0437-\u043d\u0430\u0437\u0432\u0430\u043d\u0438\u044f-2-15x12.png 15w\" sizes=\"auto, (max-width: 350px) 100vw, 350px\" \/><\/figure>\n\n\n\n<div class=\"wp-block-group is-style-default has-global-padding is-layout-constrained wp-block-group-is-layout-constrained\">\n<h3 class=\"wp-block-heading\">Heitgaaside s\u00fcsteemid ja tahmafiltri (DPF) diagnostika<\/h3>\n\n\n\n<p>Teostame AdBlue, EGR ja DPF s\u00fcsteemide professionaalset kontrolli ja diagnostikat ning anname n\u00f5u, kuidas tagada nende pikaajaline t\u00f6\u00f6 ja korrektne kasutamine.<\/p>\n\n\n\n<p class=\"ext-animate--on\"><strong>P\u00f5hjalik DPFi diagnostika 50\u20ac<\/strong><\/p>\n\n\n\n<p class=\"ext-animate--on\"><strong>Diagnostika + sundregeneratsioon 100\u20ac, ca 2 tundi<\/strong><\/p>\n\n\n\n<p class=\"ext-animate--on\"><strong>Diagnostika + puhastuskambris alates 350 \u20ac, 3\u20135 p\u00e4eva<\/strong><\/p>\n\n\n\n<p class=\"ext-animate--on\"><strong>Diagnostika + eemaldamine ja \u00fcmberprogrammeerimine alates 400 \u20ac, kuni 8 tundi<\/strong><\/p>\n\n\n\n<p class=\"ext-animate--on\"><strong>AdBlue eemaldamine 300\u20ac<\/strong><\/p>\n\n\n\n<p class=\"ext-animate--on\"><strong>EGRi eemaldamine 150\u20ac<\/strong><\/p>\n\n\n\n<div class=\"wp-block-buttons alignwide ext-animate--on is-content-justification-center is-layout-flex wp-container-core-buttons-is-layout-a89b3969 wp-block-buttons-is-layout-flex\">\n<div class=\"wp-block-button is-style-ext-preset--button--soft-1--button-1 is-style-ext-preset--button--soft-1--button-1--5\"><a class=\"wp-block-button__link wp-element-button\" href=\"https:\/\/awdauto.ee\/teenused\/#dpfegradblue\">Loe l\u00e4hemalt<\/a><\/div>\n\n\n\n<div class=\"wp-block-button is-style-ext-preset--button--soft-1--button-1 ext-animate--on is-style-ext-preset--button--soft-1--button-1--6\"><a class=\"wp-block-button__link wp-element-button\" href=\"tel:+3725123424\">Helistada<\/a><\/div>\n<\/div>\n<\/div>\n<\/div>\n<\/div>\n\n\n\n<div class=\"wp-block-column ext-animate--on is-layout-flow wp-block-column-is-layout-flow\">\n<div class=\"wp-block-group is-style-ext-preset--group--natural-1--item-card-1--align-start has-global-padding is-layout-constrained wp-block-group-is-layout-constrained is-style-ext-preset--group--natural-1--item-card-1--align-start--7\">\n<figure class=\"wp-block-image size-full\" id=\"hindac\"><img loading=\"lazy\" decoding=\"async\" width=\"736\" height=\"414\" src=\"https:\/\/awdauto.ee\/wp-content\/uploads\/2026\/03\/\u0411\u0435\u0437-\u043d\u0430\u0437\u0432\u0430\u043d\u0438\u044f-1.jpeg\" alt=\"\" class=\"wp-image-150\" style=\"aspect-ratio:4\/3;object-fit:cover\" srcset=\"https:\/\/awdauto.ee\/wp-content\/uploads\/2026\/03\/\u0411\u0435\u0437-\u043d\u0430\u0437\u0432\u0430\u043d\u0438\u044f-1.jpeg 736w, https:\/\/awdauto.ee\/wp-content\/uploads\/2026\/03\/\u0411\u0435\u0437-\u043d\u0430\u0437\u0432\u0430\u043d\u0438\u044f-1-300x169.jpeg 300w, https:\/\/awdauto.ee\/wp-content\/uploads\/2026\/03\/\u0411\u0435\u0437-\u043d\u0430\u0437\u0432\u0430\u043d\u0438\u044f-1-18x10.jpeg 18w\" sizes=\"auto, (max-width: 736px) 100vw, 736px\" \/><\/figure>\n\n\n\n<div class=\"wp-block-group is-style-default has-global-padding is-layout-constrained wp-block-group-is-layout-constrained\">\n<h3 class=\"wp-block-heading\">Konditsioneeride hooldus ja t\u00e4itmine<\/h3>\n\n\n\n<p>Hinda kuulub auto kliimaseadme t\u00e4ielik hooldus, t\u00e4itmine ja kontroll ning s\u00fcsteemi diagnostika.<\/p>\n\n\n\n<p class=\"ext-animate--on\"><strong>Radiaatorite vahetus tund<\/strong>&nbsp;<strong>50\u20ac<\/strong><\/p>\n\n\n\n<p class=\"ext-animate--on\"><strong>AC kompressorite vah. tund<\/strong>&nbsp;<strong>50\u20ac<\/strong><\/p>\n\n\n\n<p class=\"ext-animate--on\"><strong>Torude remond ja vah. tund<\/strong>&nbsp;<strong>50\u20ac<\/strong><\/p>\n\n\n\n<p class=\"ext-animate--on\"><strong>T\u00e4itmine R134A 70\u20ac kuni 800g<\/strong><\/p>\n\n\n\n<p class=\"ext-animate--on\"><strong>T\u00e4itmine R1234YF 120\u20ac kuni 500g<\/strong><\/p>\n\n\n\n<div class=\"wp-block-buttons ext-animate--on is-content-justification-center is-layout-flex wp-container-core-buttons-is-layout-a89b3969 wp-block-buttons-is-layout-flex\">\n<div class=\"wp-block-button is-style-ext-preset--button--soft-1--button-1 is-style-ext-preset--button--soft-1--button-1--8\"><a class=\"wp-block-button__link wp-element-button\" href=\"https:\/\/awdauto.ee\/teenused\/#konditsioneer\">Loe l\u00e4hemalt<\/a><\/div>\n\n\n\n<div class=\"wp-block-button is-style-ext-preset--button--soft-1--button-1 ext-animate--on is-style-ext-preset--button--soft-1--button-1--9\"><a class=\"wp-block-button__link wp-element-button\" href=\"tel:+3725123424\">Helistada<\/a><\/div>\n<\/div>\n<\/div>\n<\/div>\n<\/div>\n\n\n\n<div class=\"wp-block-column ext-animate--on is-layout-flow wp-block-column-is-layout-flow\">\n<div class=\"wp-block-group is-style-ext-preset--group--natural-1--item-card-1--align-start has-global-padding is-layout-constrained wp-block-group-is-layout-constrained is-style-ext-preset--group--natural-1--item-card-1--align-start--10\">\n<figure class=\"wp-block-image size-large\" id=\"hindostueelnekontroll\"><img loading=\"lazy\" decoding=\"async\" width=\"768\" height=\"1024\" src=\"https:\/\/awdauto.ee\/wp-content\/uploads\/2026\/03\/9c53c185-12e5-46ff-b551-86700dd3bcbb-768x1024.jpeg\" alt=\"\" class=\"wp-image-139\" style=\"aspect-ratio:4\/3;object-fit:cover\" srcset=\"https:\/\/awdauto.ee\/wp-content\/uploads\/2026\/03\/9c53c185-12e5-46ff-b551-86700dd3bcbb-768x1024.jpeg 768w, https:\/\/awdauto.ee\/wp-content\/uploads\/2026\/03\/9c53c185-12e5-46ff-b551-86700dd3bcbb-225x300.jpeg 225w, https:\/\/awdauto.ee\/wp-content\/uploads\/2026\/03\/9c53c185-12e5-46ff-b551-86700dd3bcbb-1152x1536.jpeg 1152w, https:\/\/awdauto.ee\/wp-content\/uploads\/2026\/03\/9c53c185-12e5-46ff-b551-86700dd3bcbb-9x12.jpeg 9w, https:\/\/awdauto.ee\/wp-content\/uploads\/2026\/03\/9c53c185-12e5-46ff-b551-86700dd3bcbb.jpeg 1536w\" sizes=\"auto, (max-width: 768px) 100vw, 768px\" \/><\/figure>\n\n\n\n<div class=\"wp-block-group is-style-default has-global-padding is-layout-constrained wp-block-group-is-layout-constrained\">\n<h3 class=\"wp-block-heading\">Auto ostueelne kontroll<\/h3>\n\n\n\n<p>Teostame auto p\u00f5hjalikku kontrolli enne ostu: diagnostika mootorile, vedrustusele ja elektroonikale. Aitame hinnata masina tegelikku seisukorda ja v\u00e4ltida kallistest probleemidest p\u00e4rast ostu. Kontrollime keret paksusm\u00f5\u00f5tjaga ja otsime v\u00f5imalikke varjatud defekte.<\/p>\n\n\n\n<p class=\"ext-animate--on\"><strong>Baaspakett: esimene auto 70 \u20ac, iga j\u00e4rgmine auto 50 \u20ac<\/strong><\/p>\n\n\n\n<p class=\"ext-animate--on\"><strong>Keskmine pakett: esimene auto 100 \u20ac, iga j\u00e4rgmine auto 80 \u20ac<\/strong><\/p>\n\n\n\n<p class=\"ext-animate--on\"><strong>T\u00e4ispakett: \u00fcks auto 120 \u20ac, iga j\u00e4rgmine auto 100 \u20ac<\/strong><\/p>\n\n\n\n<div class=\"wp-block-buttons ext-animate--on is-content-justification-center is-layout-flex wp-container-core-buttons-is-layout-a89b3969 wp-block-buttons-is-layout-flex\">\n<div class=\"wp-block-button is-style-ext-preset--button--soft-1--button-1 is-style-ext-preset--button--soft-1--button-1--11\"><a class=\"wp-block-button__link wp-element-button\" href=\"https:\/\/awdauto.ee\/teenused\/#ostueelnekontroll\">Loe l\u00e4hemalt<\/a><\/div>\n\n\n\n<div class=\"wp-block-button is-style-ext-preset--button--soft-1--button-1 ext-animate--on is-style-ext-preset--button--soft-1--button-1--12\"><a class=\"wp-block-button__link wp-element-button\" href=\"tel:+3725123424\">Helistada<\/a><\/div>\n<\/div>\n<\/div>\n<\/div>\n<\/div>\n<\/div>\n<\/div>\n\n\n\n<div class=\"wp-block-group alignfull is-style-ext-preset--group--natural-1--section has-background-background-color has-background has-global-padding is-layout-constrained wp-block-group-is-layout-constrained is-style-ext-preset--group--natural-1--section--13\" style=\"margin-top:0;margin-bottom:0;padding-top:var(--wp--preset--spacing--70);padding-bottom:var(--wp--preset--spacing--70)\">\n<div class=\"wp-block-columns alignwide are-vertically-aligned-center is-layout-flex wp-container-core-columns-is-layout-174606dc wp-block-columns-is-layout-flex\">\n<div class=\"wp-block-column is-vertically-aligned-center is-layout-flow wp-block-column-is-layout-flow\">\n<figure class=\"wp-block-image size-large is-style-ext-preset--image--natural-1--image-1--content-left ext-animate--on is-style-ext-preset--image--natural-1--image-1--content-left--14\"><img loading=\"lazy\" decoding=\"async\" width=\"1024\" height=\"768\" src=\"https:\/\/awdauto.ee\/wp-content\/uploads\/2026\/03\/ff095441-fba9-4abb-9327-a3b4d4dca092-1024x768.jpeg\" alt=\"\" class=\"wp-image-141\" style=\"aspect-ratio:4\/3;object-fit:cover\" srcset=\"https:\/\/awdauto.ee\/wp-content\/uploads\/2026\/03\/ff095441-fba9-4abb-9327-a3b4d4dca092-1024x768.jpeg 1024w, https:\/\/awdauto.ee\/wp-content\/uploads\/2026\/03\/ff095441-fba9-4abb-9327-a3b4d4dca092-300x225.jpeg 300w, https:\/\/awdauto.ee\/wp-content\/uploads\/2026\/03\/ff095441-fba9-4abb-9327-a3b4d4dca092-768x576.jpeg 768w, https:\/\/awdauto.ee\/wp-content\/uploads\/2026\/03\/ff095441-fba9-4abb-9327-a3b4d4dca092-1536x1152.jpeg 1536w, https:\/\/awdauto.ee\/wp-content\/uploads\/2026\/03\/ff095441-fba9-4abb-9327-a3b4d4dca092-16x12.jpeg 16w, https:\/\/awdauto.ee\/wp-content\/uploads\/2026\/03\/ff095441-fba9-4abb-9327-a3b4d4dca092.jpeg 2048w\" sizes=\"auto, (max-width: 1024px) 100vw, 1024px\" \/><\/figure>\n<\/div>\n\n\n\n<div class=\"wp-block-column is-vertically-aligned-center is-layout-flow wp-block-column-is-layout-flow\">\n<h2 class=\"wp-block-heading ext-animate--on\">Diagnostika Teie autole<br><\/h2>\n\n\n\n<p class=\"ext-animate--on\" style=\"margin-top:1.5rem\">Tutvuge meie teenustega, et tagada Teie auto t\u00f6\u00f6kindlus \u2014 valige sobiv pakett ja broneerige kontroll kohe.<\/p>\n\n\n\n<div class=\"wp-block-buttons ext-animate--on is-layout-flex wp-block-buttons-is-layout-flex\">\n<div class=\"wp-block-button is-style-ext-preset--button--soft-1--button-1 is-style-ext-preset--button--soft-1--button-1--15\"><a class=\"wp-block-button__link wp-element-button\" href=\"https:\/\/awdauto.ee\/teenused\">Loe l\u00e4hemalt<\/a><\/div>\n<\/div>\n<\/div>\n<\/div>\n<\/div>\n","protected":false},"excerpt":{"rendered":"<p>Diagnostika \u2013 vigade lugemine ja kustutamine 30\u20ac Teostame auto arvutidiagnostikat professionaalse varustusega LED Tulede remont Teostame kaasaegsete LED-esitulede diagnostikat ja remonti. Lahendame valgustuse, juhtplokkide ja teiste s\u00fcsteemi komponentide probleemid. H\u00f5lmab esitulede demonteerimist, LED-ide vahetust, klaaside vahetust jms. Lisavarustuse paigaldus Teostame t\u00e4iendava auto-varustuse professionaalset paigaldust ja seadistust, et tagada mugavus ja turvalisus s\u00f5idul. Rehvir\u00f5huandurite (TPMS) kodeerimine [&hellip;]<\/p>\n","protected":false},"author":1,"featured_media":0,"parent":0,"menu_order":0,"comment_status":"closed","ping_status":"closed","template":"page-with-title","meta":{"_monsterinsights_skip_tracking":false,"_monsterinsights_sitenote_active":false,"_monsterinsights_sitenote_note":"","_monsterinsights_sitenote_category":0,"_uf_show_specific_survey":0,"_uf_disable_surveys":false,"footnotes":""},"class_list":["post-43","page","type-page","status-publish","hentry"],"aioseo_notices":[],"_links":{"self":[{"href":"https:\/\/awdauto.ee\/et\/wp-json\/wp\/v2\/pages\/43","targetHints":{"allow":["GET"]}}],"collection":[{"href":"https:\/\/awdauto.ee\/et\/wp-json\/wp\/v2\/pages"}],"about":[{"href":"https:\/\/awdauto.ee\/et\/wp-json\/wp\/v2\/types\/page"}],"author":[{"embeddable":true,"href":"https:\/\/awdauto.ee\/et\/wp-json\/wp\/v2\/users\/1"}],"replies":[{"embeddable":true,"href":"https:\/\/awdauto.ee\/et\/wp-json\/wp\/v2\/comments?post=43"}],"version-history":[{"count":41,"href":"https:\/\/awdauto.ee\/et\/wp-json\/wp\/v2\/pages\/43\/revisions"}],"predecessor-version":[{"id":694,"href":"https:\/\/awdauto.ee\/et\/wp-json\/wp\/v2\/pages\/43\/revisions\/694"}],"wp:attachment":[{"href":"https:\/\/awdauto.ee\/et\/wp-json\/wp\/v2\/media?parent=43"}],"curies":[{"name":"wp","href":"https:\/\/api.w.org\/{rel}","templated":true}]}}